{"id":58,"date":"2019-01-22T07:22:47","date_gmt":"2019-01-22T07:22:47","guid":{"rendered":"https:\/\/praxis-kaenguruh.ch\/?page_id=58"},"modified":"2024-06-27T09:04:02","modified_gmt":"2024-06-27T09:04:02","slug":"massage-praxis-kaenguruh-gams","status":"publish","type":"page","link":"https:\/\/praxis-kaenguruh.ch\/","title":{"rendered":"Praxis f\u00fcr Massage Brigitte Pahud"},"content":{"rendered":"\n<p class=\"has-medium-font-size\"><strong>Praxis Brigitte Pahud in Gams<\/strong> <strong>und Flumserberg-Bergheim<\/strong><\/p>\n\n\n\n<div class=\"wp-block-columns is-layout-flex wp-container-core-columns-is-layout-9d6595d7 wp-block-columns-is-layout-flex\">\n<div class=\"wp-block-column is-layout-flow wp-block-column-is-layout-flow\">\n<figure class=\"wp-block-image size-large is-resized\"><img loading=\"lazy\" decoding=\"async\" src=\"https:\/\/praxis-kaenguruh.ch\/wp-content\/uploads\/2023\/02\/WhatsApp-Image-2023-02-27-at-13.52.25-1-768x1024.jpeg\" alt=\"\" class=\"wp-image-176\" width=\"196\" height=\"261\" srcset=\"https:\/\/praxis-kaenguruh.ch\/wp-content\/uploads\/2023\/02\/WhatsApp-Image-2023-02-27-at-13.52.25-1-768x1024.jpeg 768w, https:\/\/praxis-kaenguruh.ch\/wp-content\/uploads\/2023\/02\/WhatsApp-Image-2023-02-27-at-13.52.25-1-225x300.jpeg 225w, https:\/\/praxis-kaenguruh.ch\/wp-content\/uploads\/2023\/02\/WhatsApp-Image-2023-02-27-at-13.52.25-1-1152x1536.jpeg 1152w, https:\/\/praxis-kaenguruh.ch\/wp-content\/uploads\/2023\/02\/WhatsApp-Image-2023-02-27-at-13.52.25-1.jpeg 1512w\" sizes=\"auto, (max-width: 196px) 100vw, 196px\" \/><\/figure>\n<\/div>\n\n\n\n<div class=\"wp-block-column is-layout-flow wp-block-column-is-layout-flow\">\n<figure class=\"wp-block-image size-large\"><img loading=\"lazy\" decoding=\"async\" width=\"768\" height=\"1024\" src=\"https:\/\/praxis-kaenguruh.ch\/wp-content\/uploads\/2023\/03\/WhatsApp-Image-2023-02-28-at-16.34.14-768x1024.jpeg\" alt=\"\" class=\"wp-image-197\" srcset=\"https:\/\/praxis-kaenguruh.ch\/wp-content\/uploads\/2023\/03\/WhatsApp-Image-2023-02-28-at-16.34.14-768x1024.jpeg 768w, https:\/\/praxis-kaenguruh.ch\/wp-content\/uploads\/2023\/03\/WhatsApp-Image-2023-02-28-at-16.34.14-225x300.jpeg 225w, https:\/\/praxis-kaenguruh.ch\/wp-content\/uploads\/2023\/03\/WhatsApp-Image-2023-02-28-at-16.34.14-1152x1536.jpeg 1152w, https:\/\/praxis-kaenguruh.ch\/wp-content\/uploads\/2023\/03\/WhatsApp-Image-2023-02-28-at-16.34.14.jpeg 1512w\" sizes=\"auto, (max-width: 767px) 89vw, (max-width: 1000px) 54vw, (max-width: 1071px) 543px, 580px\" \/><\/figure>\n<\/div>\n\n\n\n<div class=\"wp-block-column is-layout-flow wp-block-column-is-layout-flow\">\n<figure class=\"wp-block-image size-large\"><img loading=\"lazy\" decoding=\"async\" width=\"768\" height=\"1024\" src=\"https:\/\/praxis-kaenguruh.ch\/wp-content\/uploads\/2023\/02\/WhatsApp-Image-2023-02-27-at-13.48.31-768x1024.jpeg\" alt=\"\" class=\"wp-image-172\" srcset=\"https:\/\/praxis-kaenguruh.ch\/wp-content\/uploads\/2023\/02\/WhatsApp-Image-2023-02-27-at-13.48.31-768x1024.jpeg 768w, https:\/\/praxis-kaenguruh.ch\/wp-content\/uploads\/2023\/02\/WhatsApp-Image-2023-02-27-at-13.48.31-225x300.jpeg 225w, https:\/\/praxis-kaenguruh.ch\/wp-content\/uploads\/2023\/02\/WhatsApp-Image-2023-02-27-at-13.48.31-1152x1536.jpeg 1152w, https:\/\/praxis-kaenguruh.ch\/wp-content\/uploads\/2023\/02\/WhatsApp-Image-2023-02-27-at-13.48.31.jpeg 1512w\" sizes=\"auto, (max-width: 767px) 89vw, (max-width: 1000px) 54vw, (max-width: 1071px) 543px, 580px\" \/><\/figure>\n<\/div>\n<\/div>\n\n\n\n<hr class=\"wp-block-separator\"\/>\n\n\n\n<h2 class=\"wp-block-heading\">Massage-Angebot<\/h2>\n\n\n\n<p class=\"has-medium-font-size\"><strong>Energie-Arbeit     &#8211;     Dauer 10-30 Minuten<\/strong><\/p>\n\n\n\n<p>Durch die verschiedenen Einfl\u00fcsse in unserem Alltag kann unser Leben aus der Balance geraten. K\u00f6rper, Geist und Seele k\u00f6nnen nicht mehr in Harmonie funktionieren. Die Kraft geht uns aus, die Selbstheilungskr\u00e4fte versagen ihren Dienst. Das f\u00fchrt zu Unwohlsein, Krankheiten, Schmerzen, Stress, Unruhe, \u00c4ngste, Fehlentscheidungen.<\/p>\n\n\n\n<p>Die Lebensenergie (Batterie) muss gesch\u00fctzt und neu aufgef\u00fcllt werden. Ich freue mich auf Sie!<\/p>\n\n\n\n<hr class=\"wp-block-separator\"\/>\n\n\n\n<p class=\"has-medium-font-size\"><strong>Energetische Massage nach schamanisch tibetischer Lehre     &#8211;     Dauer 60-80 Minuten<\/strong><\/p>\n\n\n\n<p> Die energetische Massage wird mit warmem \u00d6l, ruhigen, sanften Ber\u00fchrungen und Streichungen ausgef\u00fchrt.<br>Verhelfen Sie Ihrem K\u00f6rper bei dieser Massage zu: <\/p>\n\n\n\n<ul class=\"wp-block-list\"><li>Entspannung<\/li><li>Genuss<\/li><li>St\u00e4rke<\/li><li>Ausgleich<\/li><li>Gleichklang<\/li><li>Wohlbefinden<\/li><li>Gesundheit<\/li><\/ul>\n\n\n\n<p>Beide Methoden wirken harmonisierend und sehr entspannend.<br>Sie helfen bei chronischen Beschwerden und aktuellen Schmerzen. Es k\u00f6nnen Blockaden gel\u00f6st werden. Verhelfen Sie Ihrem K\u00f6rper zur\u00fcck ins innere Gleichgewicht oder g\u00f6nnen Sie ihm einfach Entspannung. So ist er wieder stark genug f\u00fcr \u00e4ussere Einfl\u00fcsse.<\/p>\n\n\n\n<hr class=\"wp-block-separator\"\/>\n\n\n\n<p class=\"has-medium-font-size\"> <strong>Bergkristall-Behandlung <\/strong><\/p>\n\n\n\n<p>Mit der Hilfe der Spitze eines Bergkristalles und den\nEssenzen aus:<\/p>\n\n\n\n<p>Bergkristall<\/p>\n\n\n\n<p>Amethyst<\/p>\n\n\n\n<p>Aquamarin<\/p>\n\n\n\n<p>Diamant<\/p>\n\n\n\n<p>Schwarzer Turmalin<\/p>\n\n\n\n<p>K\u00f6nnen Traumas und Blockaden gel\u00f6st werden.<\/p>\n\n\n\n<p>Dauer: 30-40 Minuten<\/p>\n\n\n\n<hr class=\"wp-block-separator\"\/>\n\n\n\n<div style=\"height:100px\" aria-hidden=\"true\" class=\"wp-block-spacer\"><\/div>\n\n\n\n<p class=\"has-medium-font-size\"><strong>Termine gerne unter:<\/strong><\/p>\n\n\n\n<h2 class=\"wp-block-heading\">Telefon 081 771 50 10 oder <br>WhatsApp 076 414 50 10<\/h2>\n","protected":false},"excerpt":{"rendered":"<p>Praxis Brigitte Pahud in Gams und Flumserberg-Bergheim Massage-Angebot Energie-Arbeit &#8211; Dauer 10-30 Minuten Durch die verschiedenen Einfl\u00fcsse in unserem Alltag kann unser Leben aus der Balance geraten. K\u00f6rper, Geist und Seele k\u00f6nnen nicht mehr in Harmonie funktionieren. Die Kraft geht uns aus, die Selbstheilungskr\u00e4fte versagen ihren Dienst. Das f\u00fchrt zu Unwohlsein, Krankheiten, Schmerzen, Stress, Unruhe, &hellip; <\/p>\n<p class=\"link-more\"><a href=\"https:\/\/praxis-kaenguruh.ch\/\" class=\"more-link\"><span class=\"screen-reader-text\">\u201ePraxis f\u00fcr Massage Brigitte Pahud\u201c<\/span> weiterlesen<\/a><\/p>\n","protected":false},"author":1,"featured_media":0,"parent":0,"menu_order":0,"comment_status":"closed","ping_status":"closed","template":"","meta":{"footnotes":""},"class_list":["post-58","page","type-page","status-publish","hentry"],"yoast_head":"<!-- This site is optimized with the Yoast SEO plugin v26.0 - https:\/\/yoast.com\/wordpress\/plugins\/seo\/ -->\n<title>Praxis f\u00fcr Massage Brigitte Pahud - Massage-Praxis K\u00e4nguruh<\/title>\n<meta name=\"description\" content=\"Massage Praxis beim K\u00e4nguruh in Gams - Radiance Technik - Energetische Massage nach schamanisch tibetischer Lehre - Brigitte Pahud.\" \/>\n<meta name=\"robots\" content=\"index, follow, max-snippet:-1, max-image-preview:large, max-video-preview:-1\" \/>\n<link rel=\"canonical\" href=\"https:\/\/praxis-kaenguruh.ch\/\" \/>\n<meta property=\"og:locale\" content=\"de_DE\" \/>\n<meta property=\"og:type\" content=\"article\" \/>\n<meta property=\"og:title\" content=\"Praxis f\u00fcr Massage Brigitte Pahud - Massage-Praxis K\u00e4nguruh\" \/>\n<meta property=\"og:description\" content=\"Massage Praxis beim K\u00e4nguruh in Gams - Radiance Technik - Energetische Massage nach schamanisch tibetischer Lehre - Brigitte Pahud.\" \/>\n<meta property=\"og:url\" content=\"https:\/\/praxis-kaenguruh.ch\/\" \/>\n<meta property=\"og:site_name\" content=\"Massage-Praxis K\u00e4nguruh\" \/>\n<meta property=\"article:modified_time\" content=\"2024-06-27T09:04:02+00:00\" \/>\n<meta property=\"og:image\" content=\"https:\/\/praxis-kaenguruh.ch\/wp-content\/uploads\/2023\/02\/WhatsApp-Image-2023-02-27-at-13.52.25-1.jpeg\" \/>\n\t<meta property=\"og:image:width\" content=\"1512\" \/>\n\t<meta property=\"og:image:height\" content=\"2016\" \/>\n\t<meta property=\"og:image:type\" content=\"image\/jpeg\" \/>\n<meta name=\"twitter:card\" content=\"summary_large_image\" \/>\n<meta name=\"twitter:label1\" content=\"Gesch\u00e4tzte Lesezeit\" \/>\n\t<meta name=\"twitter:data1\" content=\"1\u00a0Minute\" \/>\n<script type=\"application\/ld+json\" class=\"yoast-schema-graph\">{\"@context\":\"https:\/\/schema.org\",\"@graph\":[{\"@type\":\"WebPage\",\"@id\":\"https:\/\/praxis-kaenguruh.ch\/\",\"url\":\"https:\/\/praxis-kaenguruh.ch\/\",\"name\":\"Praxis f\u00fcr Massage Brigitte Pahud - Massage-Praxis K\u00e4nguruh\",\"isPartOf\":{\"@id\":\"https:\/\/praxis-kaenguruh.ch\/#website\"},\"primaryImageOfPage\":{\"@id\":\"https:\/\/praxis-kaenguruh.ch\/#primaryimage\"},\"image\":{\"@id\":\"https:\/\/praxis-kaenguruh.ch\/#primaryimage\"},\"thumbnailUrl\":\"https:\/\/praxis-kaenguruh.ch\/wp-content\/uploads\/2023\/02\/WhatsApp-Image-2023-02-27-at-13.52.25-1-768x1024.jpeg\",\"datePublished\":\"2019-01-22T07:22:47+00:00\",\"dateModified\":\"2024-06-27T09:04:02+00:00\",\"description\":\"Massage Praxis beim K\u00e4nguruh in Gams - Radiance Technik - Energetische Massage nach schamanisch tibetischer Lehre - Brigitte Pahud.\",\"breadcrumb\":{\"@id\":\"https:\/\/praxis-kaenguruh.ch\/#breadcrumb\"},\"inLanguage\":\"de\",\"potentialAction\":[{\"@type\":\"ReadAction\",\"target\":[\"https:\/\/praxis-kaenguruh.ch\/\"]}]},{\"@type\":\"ImageObject\",\"inLanguage\":\"de\",\"@id\":\"https:\/\/praxis-kaenguruh.ch\/#primaryimage\",\"url\":\"https:\/\/praxis-kaenguruh.ch\/wp-content\/uploads\/2023\/02\/WhatsApp-Image-2023-02-27-at-13.52.25-1.jpeg\",\"contentUrl\":\"https:\/\/praxis-kaenguruh.ch\/wp-content\/uploads\/2023\/02\/WhatsApp-Image-2023-02-27-at-13.52.25-1.jpeg\",\"width\":1512,\"height\":2016},{\"@type\":\"BreadcrumbList\",\"@id\":\"https:\/\/praxis-kaenguruh.ch\/#breadcrumb\",\"itemListElement\":[{\"@type\":\"ListItem\",\"position\":1,\"name\":\"Startseite\",\"item\":\"https:\/\/praxis-kaenguruh.ch\/\"},{\"@type\":\"ListItem\",\"position\":2,\"name\":\"Praxis f\u00fcr Massage Brigitte Pahud\"}]},{\"@type\":\"WebSite\",\"@id\":\"https:\/\/praxis-kaenguruh.ch\/#website\",\"url\":\"https:\/\/praxis-kaenguruh.ch\/\",\"name\":\"Massage-Praxis beim K\u00e4nguruh\",\"description\":\"Gams und Flumserberg-Bergheim\",\"publisher\":{\"@id\":\"https:\/\/praxis-kaenguruh.ch\/#organization\"},\"potentialAction\":[{\"@type\":\"SearchAction\",\"target\":{\"@type\":\"EntryPoint\",\"urlTemplate\":\"https:\/\/praxis-kaenguruh.ch\/?s={search_term_string}\"},\"query-input\":{\"@type\":\"PropertyValueSpecification\",\"valueRequired\":true,\"valueName\":\"search_term_string\"}}],\"inLanguage\":\"de\"},{\"@type\":\"Organization\",\"@id\":\"https:\/\/praxis-kaenguruh.ch\/#organization\",\"name\":\"Massage Praxis beim K\u00e4nguruh\",\"url\":\"https:\/\/praxis-kaenguruh.ch\/\",\"logo\":{\"@type\":\"ImageObject\",\"inLanguage\":\"de\",\"@id\":\"https:\/\/praxis-kaenguruh.ch\/#\/schema\/logo\/image\/\",\"url\":\"https:\/\/praxis-kaenguruh.ch\/wp-content\/uploads\/2019\/01\/Praxis-kaenguruh-massage-energetisch-schamanisch.jpg\",\"contentUrl\":\"https:\/\/praxis-kaenguruh.ch\/wp-content\/uploads\/2019\/01\/Praxis-kaenguruh-massage-energetisch-schamanisch.jpg\",\"width\":1920,\"height\":1280,\"caption\":\"Massage Praxis beim K\u00e4nguruh\"},\"image\":{\"@id\":\"https:\/\/praxis-kaenguruh.ch\/#\/schema\/logo\/image\/\"}}]}<\/script>\n<!-- \/ Yoast SEO plugin. -->","yoast_head_json":{"title":"Praxis f\u00fcr Massage Brigitte Pahud - Massage-Praxis K\u00e4nguruh","description":"Massage Praxis beim K\u00e4nguruh in Gams - Radiance Technik - Energetische Massage nach schamanisch tibetischer Lehre - Brigitte Pahud.","robots":{"index":"index","follow":"follow","max-snippet":"max-snippet:-1","max-image-preview":"max-image-preview:large","max-video-preview":"max-video-preview:-1"},"canonical":"https:\/\/praxis-kaenguruh.ch\/","og_locale":"de_DE","og_type":"article","og_title":"Praxis f\u00fcr Massage Brigitte Pahud - Massage-Praxis K\u00e4nguruh","og_description":"Massage Praxis beim K\u00e4nguruh in Gams - Radiance Technik - Energetische Massage nach schamanisch tibetischer Lehre - Brigitte Pahud.","og_url":"https:\/\/praxis-kaenguruh.ch\/","og_site_name":"Massage-Praxis K\u00e4nguruh","article_modified_time":"2024-06-27T09:04:02+00:00","og_image":[{"width":1512,"height":2016,"url":"https:\/\/praxis-kaenguruh.ch\/wp-content\/uploads\/2023\/02\/WhatsApp-Image-2023-02-27-at-13.52.25-1.jpeg","type":"image\/jpeg"}],"twitter_card":"summary_large_image","twitter_misc":{"Gesch\u00e4tzte Lesezeit":"1\u00a0Minute"},"schema":{"@context":"https:\/\/schema.org","@graph":[{"@type":"WebPage","@id":"https:\/\/praxis-kaenguruh.ch\/","url":"https:\/\/praxis-kaenguruh.ch\/","name":"Praxis f\u00fcr Massage Brigitte Pahud - Massage-Praxis K\u00e4nguruh","isPartOf":{"@id":"https:\/\/praxis-kaenguruh.ch\/#website"},"primaryImageOfPage":{"@id":"https:\/\/praxis-kaenguruh.ch\/#primaryimage"},"image":{"@id":"https:\/\/praxis-kaenguruh.ch\/#primaryimage"},"thumbnailUrl":"https:\/\/praxis-kaenguruh.ch\/wp-content\/uploads\/2023\/02\/WhatsApp-Image-2023-02-27-at-13.52.25-1-768x1024.jpeg","datePublished":"2019-01-22T07:22:47+00:00","dateModified":"2024-06-27T09:04:02+00:00","description":"Massage Praxis beim K\u00e4nguruh in Gams - Radiance Technik - Energetische Massage nach schamanisch tibetischer Lehre - Brigitte Pahud.","breadcrumb":{"@id":"https:\/\/praxis-kaenguruh.ch\/#breadcrumb"},"inLanguage":"de","potentialAction":[{"@type":"ReadAction","target":["https:\/\/praxis-kaenguruh.ch\/"]}]},{"@type":"ImageObject","inLanguage":"de","@id":"https:\/\/praxis-kaenguruh.ch\/#primaryimage","url":"https:\/\/praxis-kaenguruh.ch\/wp-content\/uploads\/2023\/02\/WhatsApp-Image-2023-02-27-at-13.52.25-1.jpeg","contentUrl":"https:\/\/praxis-kaenguruh.ch\/wp-content\/uploads\/2023\/02\/WhatsApp-Image-2023-02-27-at-13.52.25-1.jpeg","width":1512,"height":2016},{"@type":"BreadcrumbList","@id":"https:\/\/praxis-kaenguruh.ch\/#breadcrumb","itemListElement":[{"@type":"ListItem","position":1,"name":"Startseite","item":"https:\/\/praxis-kaenguruh.ch\/"},{"@type":"ListItem","position":2,"name":"Praxis f\u00fcr Massage Brigitte Pahud"}]},{"@type":"WebSite","@id":"https:\/\/praxis-kaenguruh.ch\/#website","url":"https:\/\/praxis-kaenguruh.ch\/","name":"Massage-Praxis beim K\u00e4nguruh","description":"Gams und Flumserberg-Bergheim","publisher":{"@id":"https:\/\/praxis-kaenguruh.ch\/#organization"},"potentialAction":[{"@type":"SearchAction","target":{"@type":"EntryPoint","urlTemplate":"https:\/\/praxis-kaenguruh.ch\/?s={search_term_string}"},"query-input":{"@type":"PropertyValueSpecification","valueRequired":true,"valueName":"search_term_string"}}],"inLanguage":"de"},{"@type":"Organization","@id":"https:\/\/praxis-kaenguruh.ch\/#organization","name":"Massage Praxis beim K\u00e4nguruh","url":"https:\/\/praxis-kaenguruh.ch\/","logo":{"@type":"ImageObject","inLanguage":"de","@id":"https:\/\/praxis-kaenguruh.ch\/#\/schema\/logo\/image\/","url":"https:\/\/praxis-kaenguruh.ch\/wp-content\/uploads\/2019\/01\/Praxis-kaenguruh-massage-energetisch-schamanisch.jpg","contentUrl":"https:\/\/praxis-kaenguruh.ch\/wp-content\/uploads\/2019\/01\/Praxis-kaenguruh-massage-energetisch-schamanisch.jpg","width":1920,"height":1280,"caption":"Massage Praxis beim K\u00e4nguruh"},"image":{"@id":"https:\/\/praxis-kaenguruh.ch\/#\/schema\/logo\/image\/"}}]}},"_links":{"self":[{"href":"https:\/\/praxis-kaenguruh.ch\/index.php\/wp-json\/wp\/v2\/pages\/58","targetHints":{"allow":["GET"]}}],"collection":[{"href":"https:\/\/praxis-kaenguruh.ch\/index.php\/wp-json\/wp\/v2\/pages"}],"about":[{"href":"https:\/\/praxis-kaenguruh.ch\/index.php\/wp-json\/wp\/v2\/types\/page"}],"author":[{"embeddable":true,"href":"https:\/\/praxis-kaenguruh.ch\/index.php\/wp-json\/wp\/v2\/users\/1"}],"replies":[{"embeddable":true,"href":"https:\/\/praxis-kaenguruh.ch\/index.php\/wp-json\/wp\/v2\/comments?post=58"}],"version-history":[{"count":37,"href":"https:\/\/praxis-kaenguruh.ch\/index.php\/wp-json\/wp\/v2\/pages\/58\/revisions"}],"predecessor-version":[{"id":203,"href":"https:\/\/praxis-kaenguruh.ch\/index.php\/wp-json\/wp\/v2\/pages\/58\/revisions\/203"}],"wp:attachment":[{"href":"https:\/\/praxis-kaenguruh.ch\/index.php\/wp-json\/wp\/v2\/media?parent=58"}],"curies":[{"name":"wp","href":"https:\/\/api.w.org\/{rel}","templated":true}]}}